{"id":13989,"date":"2020-12-04T22:01:45","date_gmt":"2020-12-04T22:01:45","guid":{"rendered":"https:\/\/ers-world.com\/?page_id=13989"},"modified":"2021-02-04T04:04:52","modified_gmt":"2021-02-04T04:04:52","slug":"nosotros","status":"publish","type":"page","link":"https:\/\/ers-world.com\/?page_id=13989","title":{"rendered":"Nosotros"},"content":{"rendered":"<p>[et_pb_section fb_built=\u00bb1&#8243; admin_label=\u00bbHero section\u00bb _builder_version=\u00bb4.6.6&#8243; background_image=\u00bbhttps:\/\/ers-world.com\/wp-content\/uploads\/2020\/12\/WhatsApp-Image-2020-12-01-at-3.47.39-PM.jpeg\u00bb background_size=\u00bbinitial\u00bb background_position=\u00bbtop_center\u00bb min_height=\u00bb198px\u00bb height=\u00bb274px\u00bb max_height=\u00bb1000px\u00bb custom_margin=\u00bb|||\u00bb custom_padding=\u00bb4%||5.2%||false|false\u00bb][et_pb_row _builder_version=\u00bb4.6.6&#8243; custom_margin=\u00bb|||\u00bb custom_padding=\u00bb0px||||false|false\u00bb][et_pb_column type=\u00bb4_4&#8243; _builder_version=\u00bb4.6.6&#8243; custom_padding=\u00bb19px||||false|false\u00bb custom_padding__hover=\u00bb|||\u00bb][et_pb_text _builder_version=\u00bb4.6.6&#8243; text_font=\u00bbLato||||||||\u00bb text_font_size=\u00bb20px\u00bb text_line_height=\u00bb1.8em\u00bb header_font=\u00bbLato|900|||||||\u00bb header_font_size=\u00bb70px\u00bb header_letter_spacing=\u00bb2px\u00bb header_line_height=\u00bb1.2em\u00bb background_layout=\u00bbdark\u00bb custom_padding=\u00bb14px||0px||false|false\u00bb animation_style=\u00bbfold\u00bb header_font_size_tablet=\u00bb46px\u00bb header_font_size_phone=\u00bb\u00bb header_font_size_last_edited=\u00bbon|tablet\u00bb header_text_shadow_style=\u00bbpreset2&#8243;]<\/p>\n<h1>Nosotros<\/h1>\n<p>&nbsp;<\/p>\n<p>[\/et_pb_text][\/et_pb_column][\/et_pb_row][\/et_pb_section][et_pb_section fb_built=\u00bb1&#8243; _builder_version=\u00bb4.6.6&#8243; background_color=\u00bb#ffffff\u00bb background_position=\u00bbtop_center\u00bb custom_margin=\u00bb|||\u00bb custom_padding=\u00bb34px||3px|||\u00bb][et_pb_row _builder_version=\u00bb3.25&#8243; custom_margin=\u00bb|||\u00bb custom_padding=\u00bb||0px|||\u00bb locked=\u00bboff\u00bb][et_pb_column type=\u00bb4_4&#8243; _builder_version=\u00bb3.25&#8243; custom_padding=\u00bb|||\u00bb custom_padding__hover=\u00bb|||\u00bb][et_pb_text _builder_version=\u00bb4.6.6&#8243; text_font=\u00bbLato||||||||\u00bb text_text_color=\u00bb#898f99&#8243; text_font_size=\u00bb15px\u00bb text_line_height=\u00bb1.8em\u00bb header_font=\u00bb||||||||\u00bb header_2_font=\u00bbLato|700|||||||\u00bb header_2_font_size=\u00bb42px\u00bb header_2_line_height=\u00bb1.5em\u00bb text_orientation=\u00bbcenter\u00bb max_width=\u00bb1066px\u00bb module_alignment=\u00bbcenter\u00bb custom_padding=\u00bb0px|||||\u00bb locked=\u00bboff\u00bb]<\/p>\n<p class=\"p1\" style=\"text-align: justify;\"><span style=\"font-size: x-large;\">e<\/span>RS World es una firma de consultor\u00eda especializada en implementaci\u00f3n de soluciones de clase mundial probados en la m\u00f3delos de Excelencia Operacional, Mejoramiento Continuo, y estandares de gesti\u00f3n en una amplia variedad de industrias y sectores.<\/p>\n<p class=\"p1\" style=\"text-align: justify;\">Garantizamos la flexibilidad en el desarrollo de los proyectos, enfoc\u00e1ndonos de manera concreta en las oportunidades de mejora encontradas en cada una de las empresas, brindando asi lo que coloquialmente llamamos \u201cEl traje hecho a su medida\u201d.<\/p>\n<p>.<\/p>\n<p>[\/et_pb_text][\/et_pb_column][\/et_pb_row][\/et_pb_section][et_pb_section fb_built=\u00bb1&#8243; _builder_version=\u00bb3.22&#8243; background_color=\u00bbrgba(0,0,0,0.03)\u00bb background_position=\u00bbtop_center\u00bb custom_margin=\u00bb|||\u00bb custom_padding=\u00bb4px||0px|||\u00bb][et_pb_row column_structure=\u00bb1_2,1_2&#8243; _builder_version=\u00bb3.25&#8243; custom_margin=\u00bb|||\u00bb locked=\u00bboff\u00bb][et_pb_column type=\u00bb1_2&#8243; _builder_version=\u00bb3.25&#8243; custom_padding=\u00bb|||\u00bb custom_padding__hover=\u00bb|||\u00bb][et_pb_text _builder_version=\u00bb4.6.6&#8243; text_font=\u00bbLato||||||||\u00bb text_text_color=\u00bb#898f99&#8243; text_font_size=\u00bb15px\u00bb text_line_height=\u00bb1.8em\u00bb header_font=\u00bb||||||||\u00bb header_text_color=\u00bb#474747&#8243; header_2_font=\u00bbLato|700|||||||\u00bb header_2_font_size=\u00bb42px\u00bb header_2_line_height=\u00bb1.5em\u00bb text_orientation=\u00bbcenter\u00bb max_width=\u00bb1066px\u00bb module_alignment=\u00bbcenter\u00bb locked=\u00bboff\u00bb]<\/p>\n<h4 class=\"p1\" style=\"text-align: justify;\"><strong>Dirigimos nuestros esfuerzos a:<\/strong><\/h4>\n<p><strong><\/strong><\/p>\n<p><strong><\/strong><\/p>\n<ul class=\"ul1\">\n<li class=\"li2\" style=\"text-align: justify;\"><span class=\"s1\"><\/span>Aumentar el ROI del negocio, con ahorros mesurables y sostenibles, en el corto, mediano y largo plazo.<\/li>\n<li class=\"li2\" style=\"text-align: justify;\"><span class=\"s1\"><\/span>Mejorar de manera continua las cadenas de valor de las organizaciones, disminuyendo defectos y fallos de calidad, aumentando la productividad y as\u00ed garantizar la rentabilidad.<\/li>\n<li class=\"li2\" style=\"text-align: justify;\"><span class=\"s1\"><\/span>Crear cultura organizacional, que facilite la implementaci\u00f3n de las herramientas de gesti\u00f3n de manera transversal en los diferentes niveles de la organizaci\u00f3n.<\/li>\n<li class=\"li2\" style=\"text-align: justify;\"><span class=\"s1\"><\/span>Transformar a trav\u00e9s de los mismos colaboradores nuestros pa\u00edses.<\/li>\n<\/ul>\n<p>[\/et_pb_text][\/et_pb_column][et_pb_column type=\u00bb1_2&#8243; _builder_version=\u00bb4.6.6&#8243; _module_preset=\u00bbdefault\u00bb][et_pb_text _builder_version=\u00bb4.7.7&#8243; text_font=\u00bbLato||||||||\u00bb text_text_color=\u00bb#898f99&#8243; text_font_size=\u00bb15px\u00bb text_line_height=\u00bb1.8em\u00bb header_font=\u00bb||||||||\u00bb header_text_color=\u00bb#474747&#8243; header_2_font=\u00bbLato|700|||||||\u00bb header_2_font_size=\u00bb42px\u00bb header_2_line_height=\u00bb1.5em\u00bb text_orientation=\u00bbcenter\u00bb max_width=\u00bb1066px\u00bb module_alignment=\u00bbcenter\u00bb locked=\u00bboff\u00bb]<\/p>\n<h4 class=\"p1\" style=\"text-align: justify;\"><strong>Entrenamientos a la medida:<\/strong><\/h4>\n<p class=\"p1\" style=\"text-align: justify;\"><strong><\/strong><\/p>\n<p class=\"p1\" style=\"text-align: justify;\"><strong><\/strong><\/p>\n<ul class=\"ul1\">\n<li class=\"li2\" style=\"text-align: justify;\"><span class=\"s1\"><\/span><span style=\"font-size: x-large;\">e<\/span><span style=\"font-size: medium;\">RS<\/span>, brinda formaci\u00f3n y entrenamiento en temas de Calidad, Productividad y Desarrollo Organizacional:<\/li>\n<li class=\"li2\" style=\"text-align: justify;\"><span class=\"s1\"><\/span>Lean: Kaizen Expert, 7 Desperdicios, Lead Time, VSM, Kanban, 5S, Yellow Belt.<\/li>\n<li class=\"li2\" style=\"text-align: justify;\"><span class=\"s1\"><\/span>Six Sigma: Green Belt, Black Belt, Master BB, Champion y Sponsor.<\/li>\n<li class=\"li2\" style=\"text-align: justify;\"><span class=\"s1\"><\/span>7 Herramientas B\u00e1sicas de la Calidad, Core Tools, SPC, DOE, ANOVA, Simulaci\u00f3n, 8D, TPM, SMED.<\/li>\n<li class=\"li2\" style=\"text-align: justify;\"><span class=\"s1\"><\/span>Eventos Kaizen, Kaizen Blitz<\/li>\n<li class=\"li2\" style=\"text-align: justify;\"><span class=\"s1\"><\/span>Formaci\u00f3n B\u00e1sica y Avanzada en Minitab R19<\/li>\n<li class=\"li2\" style=\"text-align: justify;\"><span class=\"s1\"><\/span>Acreditaci\u00f3n de Laboratorios: Validaci\u00f3n de M\u00e9todos e Incertidumbre de la Medici\u00f3n, ISO 17025:2017, ISO 17043:2010, ISO13528:2015.<\/li>\n<\/ul>\n<p>[\/et_pb_text][\/et_pb_column][\/et_pb_row][\/et_pb_section][et_pb_section fb_built=\u00bb1&#8243; _builder_version=\u00bb4.6.6&#8243; _module_preset=\u00bbdefault\u00bb custom_padding=\u00bb||0px|||\u00bb][et_pb_row _builder_version=\u00bb4.6.6&#8243; _module_preset=\u00bbdefault\u00bb][et_pb_column type=\u00bb4_4&#8243; _builder_version=\u00bb4.6.6&#8243; _module_preset=\u00bbdefault\u00bb][et_pb_text _builder_version=\u00bb4.6.6&#8243; _module_preset=\u00bbdefault\u00bb]<\/p>\n<h1 style=\"text-align: center;\"><strong>Nuestras certificaciones<\/strong><\/h1>\n<p>[\/et_pb_text][\/et_pb_column][\/et_pb_row][et_pb_row column_structure=\u00bb1_4,1_4,1_4,1_4&#8243; _builder_version=\u00bb4.6.6&#8243; _module_preset=\u00bbdefault\u00bb][et_pb_column type=\u00bb1_4&#8243; _builder_version=\u00bb4.6.6&#8243; _module_preset=\u00bbdefault\u00bb][\/et_pb_column][et_pb_column type=\u00bb1_4&#8243; _builder_version=\u00bb4.6.6&#8243; _module_preset=\u00bbdefault\u00bb][et_pb_image src=\u00bbhttps:\/\/ers-world.com\/wp-content\/uploads\/2020\/12\/WhatsApp-Image-2020-12-02-at-10.32.42-AM.jpeg\u00bb title_text=\u00bbWhatsApp Image 2020-12-02 at 10.32.42 AM\u00bb _builder_version=\u00bb4.8.2&#8243; _module_preset=\u00bbdefault\u00bb hover_enabled=\u00bb0&#8243; sticky_enabled=\u00bb0&#8243; custom_padding=\u00bb|0px||||\u00bb min_height=\u00bb200px\u00bb][\/et_pb_image][\/et_pb_column][et_pb_column type=\u00bb1_4&#8243; _builder_version=\u00bb4.6.6&#8243; _module_preset=\u00bbdefault\u00bb][et_pb_image src=\u00bbhttps:\/\/ers-world.com\/wp-content\/uploads\/2021\/02\/Council-for-Six-Sigma-Certification-300&#215;300.png\u00bb title_text=\u00bbCouncil-for-Six-Sigma-Certification\u00bb url=\u00bbhttps:\/\/www.sixsigmacouncil.org\u00bb _builder_version=\u00bb4.8.2&#8243; _module_preset=\u00bbdefault\u00bb hover_enabled=\u00bb0&#8243; sticky_enabled=\u00bb0&#8243; custom_padding=\u00bb|29px|0px|||\u00bb min_height=\u00bb197px\u00bb width=\u00bb100%\u00bb][\/et_pb_image][\/et_pb_column][et_pb_column type=\u00bb1_4&#8243; _builder_version=\u00bb4.6.6&#8243; _module_preset=\u00bbdefault\u00bb][\/et_pb_column][\/et_pb_row][\/et_pb_section][et_pb_section fb_built=\u00bb1&#8243; admin_label=\u00bbTeam\u00bb _builder_version=\u00bb3.22&#8243; use_background_color_gradient=\u00bbon\u00bb background_color_gradient_start=\u00bb#ffffff\u00bb background_color_gradient_end=\u00bb#e8eefc\u00bb custom_margin=\u00bb|||\u00bb custom_padding=\u00bb0px|0px|100px|0px||\u00bb][et_pb_row _builder_version=\u00bb3.25&#8243; custom_margin=\u00bb|||\u00bb][et_pb_column type=\u00bb4_4&#8243; _builder_version=\u00bb3.25&#8243; custom_padding=\u00bb|||\u00bb custom_padding__hover=\u00bb|||\u00bb][et_pb_text _builder_version=\u00bb4.6.6&#8243; text_font=\u00bbLato||||||||\u00bb text_text_color=\u00bb#898f99&#8243; text_font_size=\u00bb18px\u00bb text_line_height=\u00bb2em\u00bb header_font=\u00bb||||||||\u00bb header_2_font=\u00bbLato|700|||||||\u00bb header_2_font_size=\u00bb42px\u00bb header_2_line_height=\u00bb1.5em\u00bb text_orientation=\u00bbcenter\u00bb max_width=\u00bb800px\u00bb module_alignment=\u00bbcenter\u00bb custom_padding=\u00bb||0px|||\u00bb locked=\u00bboff\u00bb]<\/p>\n<h2>Equipo<\/h2>\n<p style=\"text-align: justify;\">Los consultores de <span style=\"font-size: x-large;\">e<\/span>RS-World cuentan con experiencia a nivel internacional en compa\u00f1\u00edas de Clase Mundial. Somos un grupo experimientado con de m\u00e1s de 30 a\u00f1os en la soluci\u00f3n de problemas, mejoramiento de procesos en una amplia variedad de industrias de manufactura y servicios; incluidas las ambientales, educativas, biom\u00e9dicas, biotecnol\u00f3gicas, laboratorios, farmac\u00e9uticas, sanitarias, el\u00e9ctricas, iluminaci\u00f3n, automotrices, aviaci\u00f3n, construcci\u00f3n, cosm\u00e9tica y de alimentos.<\/p>\n<p>[\/et_pb_text][\/et_pb_column][\/et_pb_row][\/et_pb_section]<\/p>\n","protected":false},"excerpt":{"rendered":"<p>Nosotros &nbsp;eRS World es una firma de consultor\u00eda especializada en implementaci\u00f3n de soluciones de clase mundial probados en la m\u00f3delos de Excelencia Operacional, Mejoramiento Continuo, y estandares de gesti\u00f3n en una amplia variedad de industrias y sectores. Garantizamos la flexibilidad en el desarrollo de los proyectos, enfoc\u00e1ndonos de manera concreta en las oportunidades de mejora [&hellip;]<\/p>\n","protected":false},"author":3,"featured_media":0,"parent":0,"menu_order":0,"comment_status":"closed","ping_status":"closed","template":"","meta":{"_et_pb_use_builder":"on","_et_pb_old_content":"","_et_gb_content_width":""},"_links":{"self":[{"href":"https:\/\/ers-world.com\/index.php?rest_route=\/wp\/v2\/pages\/13989"}],"collection":[{"href":"https:\/\/ers-world.com\/index.php?rest_route=\/wp\/v2\/pages"}],"about":[{"href":"https:\/\/ers-world.com\/index.php?rest_route=\/wp\/v2\/types\/page"}],"author":[{"embeddable":true,"href":"https:\/\/ers-world.com\/index.php?rest_route=\/wp\/v2\/users\/3"}],"replies":[{"embeddable":true,"href":"https:\/\/ers-world.com\/index.php?rest_route=%2Fwp%2Fv2%2Fcomments&post=13989"}],"version-history":[{"count":52,"href":"https:\/\/ers-world.com\/index.php?rest_route=\/wp\/v2\/pages\/13989\/revisions"}],"predecessor-version":[{"id":14823,"href":"https:\/\/ers-world.com\/index.php?rest_route=\/wp\/v2\/pages\/13989\/revisions\/14823"}],"wp:attachment":[{"href":"https:\/\/ers-world.com\/index.php?rest_route=%2Fwp%2Fv2%2Fmedia&parent=13989"}],"curies":[{"name":"wp","href":"https:\/\/api.w.org\/{rel}","templated":true}]}}